{"id":749,"date":"2017-01-23T15:06:38","date_gmt":"2017-01-23T08:06:38","guid":{"rendered":"http:\/\/forbetterweb.com\/universal\/?page_id=749"},"modified":"2024-04-30T21:28:06","modified_gmt":"2024-04-30T19:28:06","slug":"artwooks-tv","status":"publish","type":"page","link":"https:\/\/artwooks.com\/index.php\/artwooks-tv\/","title":{"rendered":"Artwooks TV"},"content":{"rendered":"<p>[vc_row full_width=\u00a0\u00bbstretch_row_content_no_spaces\u00a0\u00bb][vc_column]<div data-background=\"https:\/\/artwooks.com\/wp-content\/uploads\/2021\/06\/Sans-titre-3-3.jpg\" class=\"intro full\"><div class=\"intro-body\"><div class=\"container\"><div class=\"row\"><div class=\"col-md-8 col-md-offset-2\"><h1 class=\"classic\"><span class=\"rotate\">Artwooks TV<\/span><\/h1><div data-wow-delay=\"1s\" class=\"scroll-btn wow fadeInDown animated\" style=\"visibility: visible; animation-delay: 1s; animation-name: fadeInDown;\"><a class=\"page-scroll\" href=\"#about\"><span class=\"mouse\"><span><i class=\"icon ion-ios-arrow-down\"><\/i><\/span><\/span><\/a><\/div><\/div><\/div><\/div><\/div><\/div><script>\njQuery.noConflict()(function($){\n\"use strict\";\n\n        var introHeader = $(\".intro\"),\n            intro = $(\".intro\");\n\n        buildModuleHeader(introHeader);\n\n        $(window).resize(function() {\n            var width = Math.max($(window).width(), window.innerWidth);\n            buildModuleHeader(introHeader);\n        });\n\n        $(window).scroll(function() {\n            effectsModuleHeader(introHeader, this);\n        });\n\n        intro.each(function(i) {\n            if ($(this).attr(\"data-background\")) {\n                $(this).css(\"background-image\", \"url(\" + $(this).attr(\"data-background\") + \")\");\n            }\n        });\n\n\n        function buildModuleHeader(introHeader) {\n        };\n        function effectsModuleHeader(introHeader, scrollTopp) {\n            if (introHeader.length > 0) {\n                var homeSHeight = introHeader.height();\n                var topScroll = $(document).scrollTop();\n                if ((introHeader.hasClass(\"intro\")) && ($(scrollTopp).scrollTop() <= homeSHeight)) {\n                    introHeader.css(\"top\", (topScroll * .4));\n                }\n                if (introHeader.hasClass(\"intro\") && ($(scrollTopp).scrollTop() <= homeSHeight)) {\n                    introHeader.css(\"opacity\", (1 - topScroll\/introHeader.height() * 1));\n                }\n            }\n        };\n\n});\n    <\/script>[\/vc_column][\/vc_row][vc_row css=\u00a0\u00bb.vc_custom_1545050694349{margin-top: -120px !important;padding-bottom: 80px !important;}\u00a0\u00bb][vc_column][vc_row_inner][vc_column_inner][vc_single_image image=\u00a0\u00bb3305&Prime; img_size=\u00a0\u00bblarge\u00a0\u00bb alignment=\u00a0\u00bbcenter\u00a0\u00bb css_animation=\u00a0\u00bbbounceIn\u00a0\u00bb el_class=\u00a0\u00bbimage-overlay center-block\u00a0\u00bb][\/vc_column_inner][\/vc_row_inner][\/vc_column][\/vc_row][vc_row][vc_column css_animation=\u00a0\u00bbfadeIn\u00a0\u00bb][vc_row_inner][vc_column_inner width=\u00a0\u00bb1\/2&Prime;]<div class=\"promo-block  \"><h3 class=\"\">On vous partage nos aventures !<\/h3><\/div>[vc_column_text css_animation=\u00a0\u00bbfadeIn\u00a0\u00bb](Tous les ATV sont film\u00e9s au Canon EOS Mark III)<\/p>\n<p><em>Dans <strong>Artwooks TV<\/strong> revivez nos meilleurs moments durant nos tournages ou hors plateau, plongez vous en immersion au plus pr\u00e8s de nous et devenez spectateur de cette fabuleuse com\u00e9die humaine ! (Affiche officielle r\u00e9alis\u00e9e par Gr\u00e9gory Sacr\u00e9 alias Gokaiju).<\/em>[\/vc_column_text][vc_video link=\u00a0\u00bbhttps:\/\/www.youtube.com\/watch?v=cdz62ogmULE\u00a0\u00bb align=\u00a0\u00bbcenter\u00a0\u00bb css_animation=\u00a0\u00bbbounceIn\u00a0\u00bb title=\u00a0\u00bbArtwooks TV : Episode 8 (2024)\u00a0\u00bb][\/vc_column_inner][vc_column_inner width=\u00a0\u00bb1\/2&Prime;][vc_single_image image=\u00a0\u00bb3600&Prime; img_size=\u00a0\u00bbfull\u00a0\u00bb css_animation=\u00a0\u00bbbounceInRight\u00a0\u00bb][\/vc_column_inner][\/vc_row_inner][\/vc_column][\/vc_row][vc_row][vc_column][vc_video link=\u00a0\u00bbhttps:\/\/www.youtube.com\/watch?v=lCg6c_NuIrg\u00a0\u00bb align=\u00a0\u00bbcenter\u00a0\u00bb css_animation=\u00a0\u00bbbounceInRight\u00a0\u00bb title=\u00a0\u00bbArtwooks TV : Episode 7 (2024)\u00a0\u00bb][vc_video link=\u00a0\u00bbhttps:\/\/youtu.be\/sSewohOVeG8&Prime; align=\u00a0\u00bbcenter\u00a0\u00bb css_animation=\u00a0\u00bbbounceInLeft\u00a0\u00bb title=\u00a0\u00bbArtwooks TV : Episode 6 (2023)\u00a0\u00bb][vc_video link=\u00a0\u00bbhttps:\/\/www.youtube.com\/watch?v=DgRbIA7NToQ\u00a0\u00bb align=\u00a0\u00bbcenter\u00a0\u00bb css_animation=\u00a0\u00bbbounceInRight\u00a0\u00bb title=\u00a0\u00bbArtwooks TV : Episode 5 (2023)\u00a0\u00bb][vc_video link=\u00a0\u00bbhttps:\/\/www.youtube.com\/watch?v=rjVUTTunGwA\u00a0\u00bb align=\u00a0\u00bbcenter\u00a0\u00bb css_animation=\u00a0\u00bbbounceInLeft\u00a0\u00bb title=\u00a0\u00bbArtwooks TV : Episode 4 (2023)\u00a0\u00bb][vc_video link=\u00a0\u00bbhttps:\/\/www.youtube.com\/watch?v=MyNoOCgsnuU\u00a0\u00bb align=\u00a0\u00bbcenter\u00a0\u00bb css_animation=\u00a0\u00bbbounceInRight\u00a0\u00bb title=\u00a0\u00bbArtwooks TV : Episode 3 (2022)\u00a0\u00bb][vc_video link=\u00a0\u00bbhttps:\/\/www.youtube.com\/watch?v=5_Y4LWhAFJ8&Prime; align=\u00a0\u00bbcenter\u00a0\u00bb css_animation=\u00a0\u00bbbounceInLeft\u00a0\u00bb title=\u00a0\u00bbArtwooks TV : Episode 2 (2022)\u00a0\u00bb][vc_video link=\u00a0\u00bbhttps:\/\/www.youtube.com\/watch?v=3Iqqgz5IV3c\u00a0\u00bb align=\u00a0\u00bbcenter\u00a0\u00bb css_animation=\u00a0\u00bbbounceInRight\u00a0\u00bb title=\u00a0\u00bbArtwooks TV : Episode 1 (2022)\u00a0\u00bb][\/vc_column][\/vc_row]<\/p>\n","protected":false},"excerpt":{"rendered":"<p>[vc_row full_width=\u00a0\u00bbstretch_row_content_no_spaces\u00a0\u00bb][vc_column][\/vc_column][\/vc_row][vc_row css=\u00a0\u00bb.vc_custom_1545050694349{margin-top: -120px !important;padding-bottom: 80px !important;}\u00a0\u00bb][vc_column][vc_row_inner][vc_column_inner][vc_single_image image=\u00a0\u00bb3305&Prime; img_size=\u00a0\u00bblarge\u00a0\u00bb alignment=\u00a0\u00bbcenter\u00a0\u00bb css_animation=\u00a0\u00bbbounceIn\u00a0\u00bb el_class=\u00a0\u00bbimage-overlay center-block\u00a0\u00bb][\/vc_column_inner][\/vc_row_inner][\/vc_column][\/vc_row][vc_row][vc_column css_animation=\u00a0\u00bbfadeIn\u00a0\u00bb][vc_row_inner][vc_column_inner width=\u00a0\u00bb1\/2&Prime;][vc_column_text css_animation=\u00a0\u00bbfadeIn\u00a0\u00bb](Tous les ATV sont film\u00e9s au Canon EOS Mark III) Dans Artwooks TV revivez nos meilleurs moments durant nos tournages ou hors plateau, plongez vous en immersion au plus pr\u00e8s de nous et devenez spectateur de cette fabuleuse com\u00e9die humaine&#8230;<\/p>\n","protected":false},"author":2,"featured_media":0,"parent":0,"menu_order":0,"comment_status":"closed","ping_status":"closed","template":"homepage.php","meta":{"footnotes":""},"class_list":["post-749","page","type-page","status-publish","hentry"],"_links":{"self":[{"href":"https:\/\/artwooks.com\/index.php\/wp-json\/wp\/v2\/pages\/749","targetHints":{"allow":["GET"]}}],"collection":[{"href":"https:\/\/artwooks.com\/index.php\/wp-json\/wp\/v2\/pages"}],"about":[{"href":"https:\/\/artwooks.com\/index.php\/wp-json\/wp\/v2\/types\/page"}],"author":[{"embeddable":true,"href":"https:\/\/artwooks.com\/index.php\/wp-json\/wp\/v2\/users\/2"}],"replies":[{"embeddable":true,"href":"https:\/\/artwooks.com\/index.php\/wp-json\/wp\/v2\/comments?post=749"}],"version-history":[{"count":29,"href":"https:\/\/artwooks.com\/index.php\/wp-json\/wp\/v2\/pages\/749\/revisions"}],"predecessor-version":[{"id":4016,"href":"https:\/\/artwooks.com\/index.php\/wp-json\/wp\/v2\/pages\/749\/revisions\/4016"}],"wp:attachment":[{"href":"https:\/\/artwooks.com\/index.php\/wp-json\/wp\/v2\/media?parent=749"}],"curies":[{"name":"wp","href":"https:\/\/api.w.org\/{rel}","templated":true}]}}