{"id":241,"date":"2016-11-28T13:07:34","date_gmt":"2016-11-28T13:07:34","guid":{"rendered":"https:\/\/dev.dankov-themes.com\/universal\/?page_id=241"},"modified":"2022-08-23T09:50:31","modified_gmt":"2022-08-23T07:50:31","slug":"mentions-legales","status":"publish","type":"page","link":"https:\/\/artwooks.com\/index.php\/mentions-legales\/","title":{"rendered":"Mentions L\u00e9gales &#038; Politique de confidentialit\u00e9s"},"content":{"rendered":"<p>\u00a0<\/p>\n<div class=\"container\">\n<div class=\"row mt-2 mb-sm-5 mb-0\">\n<div class=\"col-12\">\n<h1 class=\"row\"><span class=\"col-lg-10 offset-lg-1\">Mentions<\/span> <span class=\"col-lg-10 offset-lg-2\">L\u00e9gales<\/span><\/h1>\n<\/div>\n<\/div>\n<\/div>\n<div class=\"container section_text my-3 my-sm-5\">\n<div class=\"row\">\n<div class=\"col-12 col-lg-10 offset-lg-1\">\n<div class=\"row\">\n<div class=\"col\">\n<div class=\"item_text_text text-courant text-justify font_size_16\">\n<p>L\u2019\u00e9diteur, Artwooks Media, s\u2019engage \u00e0 respecter l\u2019ensemble des lois concernant la mise en place et l\u2019activit\u00e9 d\u2019un site Internet.<\/p>\n<h2>MISSION DE NOTRE SITE :<\/h2>\n<p>Ce site a pour but de proposer un service de vid\u00e9os aux professionnels. En aucun cas, Artwooks Media ne peut \u00eatre tenue responsable de la mauvaise interpr\u00e9tation des conseils contenus dans ce site.<\/p>\n<p>Conform\u00e9ment aux dispositions des articles 6-III et 19 de la Loi n\u00b0 2004-575 du 21 juin 2004 pour la Confiance dans l\u2019\u00e9conomie num\u00e9rique, dite L.C.E.N., nous portons \u00e0 la connaissance des utilisateurs et visiteurs du site les informations suivantes :<\/p>\n<p>MENTIONS LEGALES<\/p>\n<p>\u00c9DITEUR<\/p>\n<p>Ce site est la propri\u00e9t\u00e9 exclusive de Dylan Besseau, Antoine Godet et Guillaume Gevart, en micro-entreprise sous le num\u00e9ro de<\/p>\n<p>Dylan Besseau : SIRET 84982381000015<\/p>\n<p>Antoine Godet : SIRET 79904154600026<\/p>\n<p>Guillaume Gevart : SIRET 88279164300019<\/p>\n<p>Adresse de courrier \u00e9lectronique : artwooks.media@gmail.com<\/p>\n<p>Directeurs de la publication : Herv\u00e9 Tchikladz\u00e9 et Dylan Besseau<\/p>\n<p>Contactez le responsable de la publication : dylan.besseau@laposte.net<\/p>\n<p>H\u00c9BERGEMENT<\/p>\n<p>Le site est h\u00e9berg\u00e9 par OVH.<\/p>\n<p><a href=\"https:\/\/www.ovh.com\/fr\/\">https:\/\/www.ovh.com\/fr\/<\/a><\/p>\n<p>OVH SAS est une filiale de la soci\u00e9t\u00e9 OVH Groupe SAS, soci\u00e9t\u00e9 immatricul\u00e9e au RCS de Lille sous le num\u00e9ro 537 407 926 sise 2, rue Kellermann, 59100 Roubaix.<\/p>\n<p>Code APE 2620Z<\/p>\n<p>N\u00b0 TVA : FR 22 424 761 419<\/p>\n<div class=\"entry-content clear\">\n<p>Conform\u00e9ment aux dispositions des articles 6-III et 19 de la Loi n\u00b0 2004-575 du 21 juin 2004 pour la Confiance dans l\u2019\u00e9conomie num\u00e9rique, dite L.C.E.N., nous portons \u00e0 la connaissance des utilisateurs et visiteurs du site les informations suivantes :<\/p>\n<p>\u00a0<\/p>\n<\/div>\n<h2>PROPRI\u00c9T\u00c9 INTELLECTUELLE :<\/h2>\n<p>Le site Internet Artwooks Media est une \u0153uvre de l\u2019esprit prot\u00e9g\u00e9e par le droit de la propri\u00e9t\u00e9 intellectuelle. Le site ainsi que tous les \u00e9l\u00e9ments le composant (tels que les marques, logos, textes, photographies, bases de donn\u00e9es \u2026\u2026) sont la propri\u00e9t\u00e9 exclusive de Artwooks Media.<br \/>Toute reproduction partielle ou totale de ce site ou d\u2019un des \u00e9l\u00e9ments le composant est autoris\u00e9e exclusivement pour un usage priv\u00e9. Toute reproduction partielle ou totale de ce site ou d\u2019un des \u00e9l\u00e9ments le composant sur quelque support que ce soit et sous quelque forme que ce soit, \u00e0 d\u2019autres fins et notamment commerciales sans l\u2019autorisation expresse de Artwooks Media, est interdite et constituerait une contrefa\u00e7on sanctionn\u00e9e p\u00e9nalement.<br \/>Il en est de m\u00eame des bases de donn\u00e9es figurant sur ce site Internet qui sont prot\u00e9g\u00e9es par les dispositions de la loi du 1er juillet 1998 portant transposition dans le Code de la propri\u00e9t\u00e9 intellectuelle de la directive europ\u00e9enne du 11 mars 1996 relative \u00e0 la protection juridique des bases de donn\u00e9es.<br \/>Les marques et les logos figurant sur le site sont des marques (semi-figuratives ou non) d\u00e9pos\u00e9es. Par ailleurs, les images figurant sur ce site sont prot\u00e9g\u00e9es par le droit d\u2019auteur. Toute reproduction totale ou partielle de ces images, de ces marques ou de ces logos, effectu\u00e9e \u00e0 partir des \u00e9l\u00e9ments du site, n\u2019est pas autoris\u00e9e sans l\u2019accord express et \u00e9crit de Digisant\u00e9 au sens de l\u2019article L 713-2 du CPI.<\/p>\n<h2>VIE PRIV\u00c9E :<\/h2>\n<p>Notre entreprise respecte les dispositions r\u00e9glementaires et d\u00e9ontologiques sur la protection des donn\u00e9es \u00e0 caract\u00e8re personnel, dans le contexte de la Loi Informatique et Libert\u00e9s. Ces r\u00e8gles vous assurent que vos donn\u00e9es seront trait\u00e9es, en toute transparence, en conformit\u00e9 avec ces dispositions.<\/p>\n<h3>1. COOKIES ET DONN\u00c9ES COLLECT\u00c9ES LORS DE LA NAVIGATION :<\/h3>\n<p>Un cookie est un petit fichier que le serveur du site que vous visitez \u00e9crit sur votre disque dur, et dans lequel il stocke certaines informations. Il permet principalement de mieux pr\u00e9parer votre accueil pour la prochaine visite du site et de personnaliser les pages que vous visualiserez.<br \/>Vous ne vous exposez \u00e0 aucun risque en acceptant le recours aux cookies que nous utilisons. En effet, nous ne conservons aucune donn\u00e9e \u00e0 caract\u00e8re personnel sans que vous en soyez inform\u00e9 pr\u00e9alablement. Les donn\u00e9es que vous saisissez sont enregistr\u00e9es dans le but de vous fournir le produit ou service demand\u00e9.<br \/>Toutefois, vous pouvez d\u00e9sactiver cette fonction, mais lors de votre prochaine connexion sur notre site, les pages ne seront pas personnalis\u00e9es.<br \/>Pour la d\u00e9sactivation des cookies, vous devez modifier les param\u00e8tres de votre navigateur (Internet Exploreur), pour cela vous s\u00e9lectionner dans la barre :\u00a0Outils\u00a0\/\u00a0Option Internet \/\u00a0Confidentialit\u00e9 : vous pouvez r\u00e9gler le curseur pour contr\u00f4ler les cookies qui sont install\u00e9s sur votre ordinateur.<br \/>Gestion des cookies<\/p>\n<h3>2. LES DONN\u00c9ES COLLECT\u00c9ES SUR NOTRE SITE :<\/h3>\n<p>Nous sommes amen\u00e9s \u00e0 vous demander un certain nombre de donn\u00e9es personnelles telles que nom, pr\u00e9nom, mail\u2026 afin de pouvoir traiter votre demande d\u2019information. Certaines donn\u00e9es sont indispensables au traitement de votre demande. Sur les pages o\u00f9 des donn\u00e9es \u00e0 caract\u00e8re personnel sont demand\u00e9es vous serez inform\u00e9 du caract\u00e8re obligatoire ou facultatif de leur transmission, ainsi que des cons\u00e9quences \u00e9ventuelles de leur non renseignement.<\/p>\n<h3>3. PROPOSITIONS COMMERCIALES :<\/h3>\n<p>Nous nous permettrons de vous proposer des informations par e-mail ou par courrier, sauf avis contraire de votre part. Si vous ne souhaitez pas recevoir nos informations, vous pouvez envoyer un courrier ou un mail en indiquant vos nom, pr\u00e9nom et adresse : par \u00e9crit : Artwooks Media, 56 rue du coudray 44000 Nantes<br \/>L\u2019analyse des liens contenus sur nos newsletters nous permet d\u2019envoyer des informations personnalis\u00e9es aux destinataires.<\/p>\n<h3>4. MISE \u00c0 DISPOSITION DE VOS COORDONN\u00c9ES :<\/h3>\n<p>Nous ne transmettrons pas vos donn\u00e9es \u00e0 des tiers.<\/p>\n<h3>5. DROIT D\u2019ACC\u00c8S ET D\u2019OPPOSITION AU FICHIER :<\/h3>\n<p>Conform\u00e9ment \u00e0 la loi Informatique et Libert\u00e9s du 6 janvier 1978, vous disposez d\u2019un droit d\u2019acc\u00e8s, de rectification et de suppression des donn\u00e9es personnelles vous concernant. Si vous souhaitez exercer ce droit, il vous suffit de nous adresser un courrier par \u00e9crit avec un justificatif de votre identit\u00e9 (photocopie d\u2019une pi\u00e8ce d\u2019identit\u00e9), \u00e0 l\u2019adresse mentionn\u00e9e ci-dessus.<\/p>\n<h2>PUBLICIT\u00c9 :<\/h2>\n<p>La publicit\u00e9 n\u2019est pas permise sur le site www.artwooks.com Le contenu du site www.artwooks.com n\u2019est en aucun cas influenc\u00e9 par une source externe.<\/p>\n<\/div>\n<\/div>\n<\/div>\n<\/div>\n<\/div>\n<\/div>\n\n\n<h2 class=\"wp-block-heading\"><\/h2>\n\n\n\n<p>L\u2019adresse de notre site Web est&nbsp;: http:\/\/pzzclao.cluster028.hosting.ovh.net.<\/p>\n\n\n\n<h2 class=\"wp-block-heading\">Utilisation des donn\u00e9es personnelles collect\u00e9es<\/h2>\n\n\n\n<h3 class=\"wp-block-heading\">Commentaires<\/h3>\n\n\n\n<p>Quand vous laissez un commentaire sur notre site web, les donn\u00e9es inscrites dans le formulaire de commentaire, mais aussi votre adresse IP et l\u2019agent utilisateur de votre navigateur sont collect\u00e9s pour nous aider \u00e0 la d\u00e9tection des commentaires ind\u00e9sirables.<\/p>\n\n\n\n<p>Une cha\u00eene anonymis\u00e9e cr\u00e9\u00e9e \u00e0 partir de votre adresse de messagerie (\u00e9galement appel\u00e9e hash) peut \u00eatre envoy\u00e9e au service Gravatar pour v\u00e9rifier si vous utilisez ce dernier. Les clauses de confidentialit\u00e9 du service Gravatar sont disponibles ici&nbsp;: https:\/\/automattic.com\/privacy\/. Apr\u00e8s validation de votre commentaire, votre photo de profil sera visible publiquement \u00e0 cot\u00e9 de votre commentaire.<\/p>\n\n\n\n<h3 class=\"wp-block-heading\">M\u00e9dias<\/h3>\n\n\n\n<p>Si vous \u00eates un utilisateur ou une utilisatrice enregistr\u00e9\u00b7e et que vous t\u00e9l\u00e9versez des images sur le site web, nous vous conseillons d\u2019\u00e9viter de t\u00e9l\u00e9verser des images contenant des donn\u00e9es EXIF de coordonn\u00e9es GPS. Les visiteurs de votre site web peuvent t\u00e9l\u00e9charger et extraire des donn\u00e9es de localisation depuis ces images.<\/p>\n\n\n\n<h3 class=\"wp-block-heading\">Formulaires de contact<\/h3>\n\n\n\n<h3 class=\"wp-block-heading\">Cookies<\/h3>\n\n\n\n<p>Si vous d\u00e9posez un commentaire sur notre site, il vous sera propos\u00e9 d\u2019enregistrer votre nom, adresse de messagerie et site web dans des cookies. C\u2019est uniquement pour votre confort afin de ne pas avoir \u00e0 saisir ces informations si vous d\u00e9posez un autre commentaire plus tard. Ces cookies expirent au bout d\u2019un an.<\/p>\n\n\n\n<p>Si vous vous rendez sur la page de connexion, un cookie temporaire sera cr\u00e9\u00e9 afin de d\u00e9terminer si votre navigateur accepte les cookies. Il ne contient pas de donn\u00e9es personnelles et sera supprim\u00e9 automatiquement \u00e0 la fermeture de votre navigateur.<\/p>\n\n\n\n<p>Lorsque vous vous connecterez, nous mettrons en place un certain nombre de cookies pour enregistrer vos informations de connexion et vos pr\u00e9f\u00e9rences d\u2019\u00e9cran. La dur\u00e9e de vie d\u2019un cookie de connexion est de deux jours, celle d\u2019un cookie d\u2019option d\u2019\u00e9cran est d\u2019un an. Si vous cochez \u00ab&nbsp;Se souvenir de moi&nbsp;\u00bb, votre cookie de connexion sera conserv\u00e9 pendant deux semaines. Si vous vous d\u00e9connectez de votre compte, le cookie de connexion sera effac\u00e9.<\/p>\n\n\n\n<p>En modifiant ou en publiant une publication, un cookie suppl\u00e9mentaire sera enregistr\u00e9 dans votre navigateur. Ce cookie ne comprend aucune donn\u00e9e personnelle. Il indique simplement l\u2019ID de la publication que vous venez de modifier. Il expire au bout d\u2019un jour.<\/p>\n\n\n\n<h3 class=\"wp-block-heading\">Contenu embarqu\u00e9 depuis d\u2019autres sites<\/h3>\n\n\n\n<p>Les articles de ce site peuvent inclure des contenus int\u00e9gr\u00e9s (par exemple des vid\u00e9os, images, articles\u2026). Le contenu int\u00e9gr\u00e9 depuis d\u2019autres sites se comporte de la m\u00eame mani\u00e8re que si le visiteur se rendait sur cet autre site.<\/p>\n\n\n\n<p>Ces sites web pourraient collecter des donn\u00e9es sur vous, utiliser des cookies, embarquer des outils de suivis tiers, suivre vos interactions avec ces contenus embarqu\u00e9s si vous disposez d\u2019un compte connect\u00e9 sur leur site web.<\/p>\n\n\n\n<h3 class=\"wp-block-heading\">Statistiques et mesures d\u2019audience<\/h3>\n\n\n\n<h2 class=\"wp-block-heading\">Utilisation et transmission de vos donn\u00e9es personnelles<\/h2>\n\n\n\n<h2 class=\"wp-block-heading\">Dur\u00e9es de stockage de vos donn\u00e9es<\/h2>\n\n\n\n<p>Si vous laissez un commentaire, le commentaire et ses m\u00e9tadonn\u00e9es sont conserv\u00e9s ind\u00e9finiment. Cela permet de reconna\u00eetre et approuver automatiquement les commentaires suivants au lieu de les laisser dans la file de mod\u00e9ration.<\/p>\n\n\n\n<p>Pour les utilisateurs et utilisatrices qui s\u2019inscrivent sur notre site (si cela est possible), nous stockons \u00e9galement les donn\u00e9es personnelles indiqu\u00e9es dans leur profil. Tous les utilisateurs et utilisatrices peuvent voir, modifier ou supprimer leurs informations personnelles \u00e0 tout moment (\u00e0 l\u2019exception de leur nom d\u2019utilisateur\u00b7ice). Les gestionnaires du site peuvent aussi voir et modifier ces informations.<\/p>\n\n\n\n<h2 class=\"wp-block-heading\">Les droits que vous avez sur vos donn\u00e9es<\/h2>\n\n\n\n<p>Si vous avez un compte ou si vous avez laiss\u00e9 des commentaires sur le site, vous pouvez demander \u00e0 recevoir un fichier contenant toutes les donn\u00e9es personnelles que nous poss\u00e9dons \u00e0 votre sujet, incluant celles que vous nous avez fournies. Vous pouvez \u00e9galement demander la suppression des donn\u00e9es personnelles vous concernant. Cela ne prend pas en compte les donn\u00e9es stock\u00e9es \u00e0 des fins administratives, l\u00e9gales ou pour des raisons de s\u00e9curit\u00e9.<\/p>\n\n\n\n<h2 class=\"wp-block-heading\">Transmission de vos donn\u00e9es personnelles<\/h2>\n\n\n\n<p>Les commentaires des visiteurs peuvent \u00eatre v\u00e9rifi\u00e9s \u00e0 l\u2019aide d\u2019un service automatis\u00e9 de d\u00e9tection des commentaires ind\u00e9sirables.<\/p>\n\n\n\n<h3 class=\"wp-block-heading\"><\/h3>\n\n\n<div class=\"item_text_text text-courant text-justify font_size_16\">\n<\/div>\n\n\n\n\n","protected":false},"excerpt":{"rendered":"<p>\u00a0 Mentions L\u00e9gales L\u2019\u00e9diteur, Artwooks Media, s\u2019engage \u00e0 respecter l\u2019ensemble des lois concernant la mise en place et l\u2019activit\u00e9 d\u2019un site Internet. MISSION DE NOTRE SITE : Ce site a pour but de proposer un service de vid\u00e9os aux professionnels. En aucun cas, Artwooks Media ne peut \u00eatre tenue responsable de la mauvaise interpr\u00e9tation des&#8230;<\/p>\n","protected":false},"author":2,"featured_media":0,"parent":0,"menu_order":0,"comment_status":"closed","ping_status":"closed","template":"wpb-page-builder.php","meta":{"footnotes":""},"class_list":["post-241","page","type-page","status-publish","hentry"],"_links":{"self":[{"href":"https:\/\/artwooks.com\/index.php\/wp-json\/wp\/v2\/pages\/241","targetHints":{"allow":["GET"]}}],"collection":[{"href":"https:\/\/artwooks.com\/index.php\/wp-json\/wp\/v2\/pages"}],"about":[{"href":"https:\/\/artwooks.com\/index.php\/wp-json\/wp\/v2\/types\/page"}],"author":[{"embeddable":true,"href":"https:\/\/artwooks.com\/index.php\/wp-json\/wp\/v2\/users\/2"}],"replies":[{"embeddable":true,"href":"https:\/\/artwooks.com\/index.php\/wp-json\/wp\/v2\/comments?post=241"}],"version-history":[{"count":9,"href":"https:\/\/artwooks.com\/index.php\/wp-json\/wp\/v2\/pages\/241\/revisions"}],"predecessor-version":[{"id":3348,"href":"https:\/\/artwooks.com\/index.php\/wp-json\/wp\/v2\/pages\/241\/revisions\/3348"}],"wp:attachment":[{"href":"https:\/\/artwooks.com\/index.php\/wp-json\/wp\/v2\/media?parent=241"}],"curies":[{"name":"wp","href":"https:\/\/api.w.org\/{rel}","templated":true}]}}